{"id":1049,"date":"2020-06-20T16:30:55","date_gmt":"2020-06-20T16:30:55","guid":{"rendered":"https:\/\/sites.ulethbridge.ca\/rnainnovation\/?page_id=1049"},"modified":"2021-12-03T16:29:18","modified_gmt":"2021-12-03T16:29:18","slug":"cohort-2","status":"publish","type":"page","link":"https:\/\/sites.ulethbridge.ca\/rnainnovation\/cohort-2\/","title":{"rendered":"Cohort 2"},"content":{"rendered":"\t\t<div data-elementor-type=\"wp-post\" data-elementor-id=\"1049\" class=\"elementor elementor-1049\">\n\t\t\t\t\t\t<section class=\"elementor-section elementor-top-section elementor-element elementor-element-53a861d elementor-section-boxed elementor-section-height-default elementor-section-height-default\" data-id=\"53a861d\" data-element_type=\"section\" data-e-type=\"section\">\n\t\t\t\t\t\t<div class=\"elementor-container elementor-column-gap-default\">\n\t\t\t\t\t<div class=\"elementor-column elementor-col-100 elementor-top-column elementor-element elementor-element-aee07c0\" data-id=\"aee07c0\" data-element_type=\"column\" data-e-type=\"column\">\n\t\t\t<div class=\"elementor-widget-wrap elementor-element-populated\">\n\t\t\t\t\t\t<div class=\"elementor-element elementor-element-69bb830 elementor-position-left elementor-vertical-align-top elementor-widget elementor-widget-image-box\" data-id=\"69bb830\" data-element_type=\"widget\" data-e-type=\"widget\" data-widget_type=\"image-box.default\">\n\t\t\t\t<div class=\"elementor-widget-container\">\n\t\t\t\t\t<div class=\"elementor-image-box-wrapper\"><figure class=\"elementor-image-box-img\"><img decoding=\"async\" width=\"150\" height=\"150\" src=\"https:\/\/sites.ulethbridge.ca\/rnainnovation\/files\/2020\/03\/Tithi-e1593468280881-150x150.jpg\" class=\"attachment-thumbnail size-thumbnail wp-image-567\" alt=\"\" srcset=\"https:\/\/sites.ulethbridge.ca\/rnainnovation\/files\/2020\/03\/Tithi-e1593468280881-150x150.jpg 150w, https:\/\/sites.ulethbridge.ca\/rnainnovation\/files\/2020\/03\/Tithi-e1593468280881-100x100.jpg 100w\" sizes=\"(max-width: 150px) 100vw, 150px\" \/><\/figure><div class=\"elementor-image-box-content\"><h3 class=\"elementor-image-box-title\">Tithi Ghosh<\/h3><p class=\"elementor-image-box-description\">Ph.D candidate<br>\nLafontaine Lab<br>\nDepartment of Biology<br>\nUniversit\u00e9 de Sherbrooke, Quebec, Canada.\n<\/p><\/div><\/div>\t\t\t\t<\/div>\n\t\t\t\t<\/div>\n\t\t\t\t<div class=\"elementor-element elementor-element-0086c62 elementor-shape-circle elementor-grid-0 e-grid-align-center elementor-widget elementor-widget-social-icons\" data-id=\"0086c62\" data-element_type=\"widget\" data-e-type=\"widget\" data-widget_type=\"social-icons.default\">\n\t\t\t\t<div class=\"elementor-widget-container\">\n\t\t\t\t\t\t\t<div class=\"elementor-social-icons-wrapper elementor-grid\">\n\t\t\t\t\t\t\t<span class=\"elementor-grid-item\">\n\t\t\t\t\t<a class=\"elementor-icon elementor-social-icon elementor-social-icon-linkedin elementor-repeater-item-6806f67\" target=\"_blank\">\n\t\t\t\t\t\t<span class=\"elementor-screen-only\">Linkedin<\/span>\n\t\t\t\t\t\t\t\t\t\t\t\t\t<i class=\"fa fa-linkedin\" aria-hidden=\"true\"><\/i>\n\t\t\t\t\t\t\t\t\t\t\t<\/a>\n\t\t\t\t<\/span>\n\t\t\t\t\t<\/div>\n\t\t\t\t\t\t<\/div>\n\t\t\t\t<\/div>\n\t\t\t\t\t<\/div>\n\t\t<\/div>\n\t\t\t\t\t<\/div>\n\t\t<\/section>\n\t\t\t\t<section class=\"elementor-section elementor-top-section elementor-element elementor-element-7419a70 elementor-section-boxed elementor-section-height-default elementor-section-height-default\" data-id=\"7419a70\" data-element_type=\"section\" data-e-type=\"section\">\n\t\t\t\t\t\t<div class=\"elementor-container elementor-column-gap-default\">\n\t\t\t\t\t<div class=\"elementor-column elementor-col-100 elementor-top-column elementor-element elementor-element-5f0dce3\" data-id=\"5f0dce3\" data-element_type=\"column\" data-e-type=\"column\">\n\t\t\t<div class=\"elementor-widget-wrap elementor-element-populated\">\n\t\t\t\t\t\t<div class=\"elementor-element elementor-element-6786933 elementor-position-left elementor-vertical-align-top elementor-widget elementor-widget-image-box\" data-id=\"6786933\" data-element_type=\"widget\" data-e-type=\"widget\" data-widget_type=\"image-box.default\">\n\t\t\t\t<div class=\"elementor-widget-container\">\n\t\t\t\t\t<div class=\"elementor-image-box-wrapper\"><figure class=\"elementor-image-box-img\"><img decoding=\"async\" width=\"150\" height=\"150\" src=\"https:\/\/sites.ulethbridge.ca\/rnainnovation\/files\/2020\/03\/photo_gaspard_site-150x150.jpg\" class=\"attachment-thumbnail size-thumbnail wp-image-572\" alt=\"\" \/><\/figure><div class=\"elementor-image-box-content\"><h3 class=\"elementor-image-box-title\">Gaspard Reulet<\/h3><p class=\"elementor-image-box-description\">M.Sc candidate<br>\nScott Lab<br>\nDepartment of Biochemistry<br>\nUniversit\u00e9 de Sherbrooke, Quebec, Canada.<\/p><\/div><\/div>\t\t\t\t<\/div>\n\t\t\t\t<\/div>\n\t\t\t\t<div class=\"elementor-element elementor-element-3cb079a elementor-shape-circle elementor-grid-0 e-grid-align-center elementor-widget elementor-widget-social-icons\" data-id=\"3cb079a\" data-element_type=\"widget\" data-e-type=\"widget\" data-widget_type=\"social-icons.default\">\n\t\t\t\t<div class=\"elementor-widget-container\">\n\t\t\t\t\t\t\t<div class=\"elementor-social-icons-wrapper elementor-grid\">\n\t\t\t\t\t\t\t<span class=\"elementor-grid-item\">\n\t\t\t\t\t<a class=\"elementor-icon elementor-social-icon elementor-social-icon-linkedin elementor-repeater-item-8ea1bf6\" target=\"_blank\">\n\t\t\t\t\t\t<span class=\"elementor-screen-only\">Linkedin<\/span>\n\t\t\t\t\t\t\t\t\t\t\t\t\t<i class=\"fa fa-linkedin\" aria-hidden=\"true\"><\/i>\n\t\t\t\t\t\t\t\t\t\t\t<\/a>\n\t\t\t\t<\/span>\n\t\t\t\t\t<\/div>\n\t\t\t\t\t\t<\/div>\n\t\t\t\t<\/div>\n\t\t\t\t\t<\/div>\n\t\t<\/div>\n\t\t\t\t\t<\/div>\n\t\t<\/section>\n\t\t\t\t<section class=\"elementor-section elementor-top-section elementor-element elementor-element-88d2f27 elementor-section-boxed elementor-section-height-default elementor-section-height-default\" data-id=\"88d2f27\" data-element_type=\"section\" data-e-type=\"section\">\n\t\t\t\t\t\t<div class=\"elementor-container elementor-column-gap-default\">\n\t\t\t\t\t<div class=\"elementor-column elementor-col-100 elementor-top-column elementor-element elementor-element-2878a9d\" data-id=\"2878a9d\" data-element_type=\"column\" data-e-type=\"column\">\n\t\t\t<div class=\"elementor-widget-wrap elementor-element-populated\">\n\t\t\t\t\t\t<div class=\"elementor-element elementor-element-dbc5ab3 elementor-position-left elementor-vertical-align-top elementor-widget elementor-widget-image-box\" data-id=\"dbc5ab3\" data-element_type=\"widget\" data-e-type=\"widget\" data-widget_type=\"image-box.default\">\n\t\t\t\t<div class=\"elementor-widget-container\">\n\t\t\t\t\t<div class=\"elementor-image-box-wrapper\"><figure class=\"elementor-image-box-img\"><img decoding=\"async\" width=\"150\" height=\"150\" src=\"https:\/\/sites.ulethbridge.ca\/rnainnovation\/files\/2020\/03\/RNA_innovation_photo_hoangdongNguyen-150x150.png\" class=\"attachment-thumbnail size-thumbnail wp-image-580\" alt=\"\" \/><\/figure><div class=\"elementor-image-box-content\"><h3 class=\"elementor-image-box-title\">Hoang Dong Nguyen<\/h3><p class=\"elementor-image-box-description\">Ph.D candidate<br>\nScott Lab<br>\nDepartment of Biochemistry<br>\nUniversit\u00e9 de Sherbrooke, Quebec, Canada.<\/p><\/div><\/div>\t\t\t\t<\/div>\n\t\t\t\t<\/div>\n\t\t\t\t<div class=\"elementor-element elementor-element-32de28b elementor-shape-circle elementor-grid-0 e-grid-align-center elementor-widget elementor-widget-social-icons\" data-id=\"32de28b\" data-element_type=\"widget\" data-e-type=\"widget\" data-widget_type=\"social-icons.default\">\n\t\t\t\t<div class=\"elementor-widget-container\">\n\t\t\t\t\t\t\t<div class=\"elementor-social-icons-wrapper elementor-grid\">\n\t\t\t\t\t\t\t<span class=\"elementor-grid-item\">\n\t\t\t\t\t<a class=\"elementor-icon elementor-social-icon elementor-social-icon-linkedin elementor-repeater-item-ac57f6d\" target=\"_blank\">\n\t\t\t\t\t\t<span class=\"elementor-screen-only\">Linkedin<\/span>\n\t\t\t\t\t\t\t\t\t\t\t\t\t<i class=\"fa fa-linkedin\" aria-hidden=\"true\"><\/i>\n\t\t\t\t\t\t\t\t\t\t\t<\/a>\n\t\t\t\t<\/span>\n\t\t\t\t\t<\/div>\n\t\t\t\t\t\t<\/div>\n\t\t\t\t<\/div>\n\t\t\t\t\t<\/div>\n\t\t<\/div>\n\t\t\t\t\t<\/div>\n\t\t<\/section>\n\t\t\t\t<section class=\"elementor-section elementor-top-section elementor-element elementor-element-89c93e1 elementor-section-boxed elementor-section-height-default elementor-section-height-default\" data-id=\"89c93e1\" data-element_type=\"section\" data-e-type=\"section\">\n\t\t\t\t\t\t<div class=\"elementor-container elementor-column-gap-default\">\n\t\t\t\t\t<div class=\"elementor-column elementor-col-100 elementor-top-column elementor-element elementor-element-a8f58c9\" data-id=\"a8f58c9\" data-element_type=\"column\" data-e-type=\"column\">\n\t\t\t<div class=\"elementor-widget-wrap elementor-element-populated\">\n\t\t\t\t\t\t<div class=\"elementor-element elementor-element-54f115a elementor-position-left elementor-vertical-align-top elementor-widget elementor-widget-image-box\" data-id=\"54f115a\" data-element_type=\"widget\" data-e-type=\"widget\" data-widget_type=\"image-box.default\">\n\t\t\t\t<div class=\"elementor-widget-container\">\n\t\t\t\t\t<div class=\"elementor-image-box-wrapper\"><figure class=\"elementor-image-box-img\"><img loading=\"lazy\" decoding=\"async\" width=\"150\" height=\"150\" src=\"https:\/\/sites.ulethbridge.ca\/rnainnovation\/files\/2020\/03\/Photo-Morgane-DA-ROCHA-150x150.jpg\" class=\"attachment-thumbnail size-thumbnail wp-image-577\" alt=\"\" \/><\/figure><div class=\"elementor-image-box-content\"><h3 class=\"elementor-image-box-title\">Morgane Da Rocha<\/h3><p class=\"elementor-image-box-description\">Ph.D candidate<br>\nBell Lab<br>\nDepartment of Biochemistry<br>\nUniversit\u00e9 de Sherbrooke, Quebec, Canada.\n<\/p><\/div><\/div>\t\t\t\t<\/div>\n\t\t\t\t<\/div>\n\t\t\t\t<div class=\"elementor-element elementor-element-a3e8451 elementor-shape-circle elementor-grid-0 e-grid-align-center elementor-widget elementor-widget-social-icons\" data-id=\"a3e8451\" data-element_type=\"widget\" data-e-type=\"widget\" data-widget_type=\"social-icons.default\">\n\t\t\t\t<div class=\"elementor-widget-container\">\n\t\t\t\t\t\t\t<div class=\"elementor-social-icons-wrapper elementor-grid\">\n\t\t\t\t\t\t\t<span class=\"elementor-grid-item\">\n\t\t\t\t\t<a class=\"elementor-icon elementor-social-icon elementor-social-icon-linkedin elementor-repeater-item-84af7c5\" target=\"_blank\">\n\t\t\t\t\t\t<span class=\"elementor-screen-only\">Linkedin<\/span>\n\t\t\t\t\t\t\t\t\t\t\t\t\t<i class=\"fa fa-linkedin\" aria-hidden=\"true\"><\/i>\n\t\t\t\t\t\t\t\t\t\t\t<\/a>\n\t\t\t\t<\/span>\n\t\t\t\t\t<\/div>\n\t\t\t\t\t\t<\/div>\n\t\t\t\t<\/div>\n\t\t\t\t\t<\/div>\n\t\t<\/div>\n\t\t\t\t\t<\/div>\n\t\t<\/section>\n\t\t\t\t<section class=\"elementor-section elementor-top-section elementor-element elementor-element-9fbd913 elementor-section-boxed elementor-section-height-default elementor-section-height-default\" data-id=\"9fbd913\" data-element_type=\"section\" data-e-type=\"section\">\n\t\t\t\t\t\t<div class=\"elementor-container elementor-column-gap-default\">\n\t\t\t\t\t<div class=\"elementor-column elementor-col-100 elementor-top-column elementor-element elementor-element-5e20134\" data-id=\"5e20134\" data-element_type=\"column\" data-e-type=\"column\">\n\t\t\t<div class=\"elementor-widget-wrap elementor-element-populated\">\n\t\t\t\t\t\t<div class=\"elementor-element elementor-element-57b5082 elementor-position-left elementor-vertical-align-top elementor-widget elementor-widget-image-box\" data-id=\"57b5082\" data-element_type=\"widget\" data-e-type=\"widget\" data-widget_type=\"image-box.default\">\n\t\t\t\t<div class=\"elementor-widget-container\">\n\t\t\t\t\t<div class=\"elementor-image-box-wrapper\"><figure class=\"elementor-image-box-img\"><img loading=\"lazy\" decoding=\"async\" width=\"150\" height=\"150\" src=\"https:\/\/sites.ulethbridge.ca\/rnainnovation\/files\/2020\/03\/Makay-Murry-150x150.png\" class=\"attachment-thumbnail size-thumbnail wp-image-584\" alt=\"\" srcset=\"https:\/\/sites.ulethbridge.ca\/rnainnovation\/files\/2020\/03\/Makay-Murry-150x150.png 150w, https:\/\/sites.ulethbridge.ca\/rnainnovation\/files\/2020\/03\/Makay-Murry-300x300.png 300w, https:\/\/sites.ulethbridge.ca\/rnainnovation\/files\/2020\/03\/Makay-Murry-768x770.png 768w, https:\/\/sites.ulethbridge.ca\/rnainnovation\/files\/2020\/03\/Makay-Murry.png 839w\" sizes=\"(max-width: 150px) 100vw, 150px\" \/><\/figure><div class=\"elementor-image-box-content\"><h3 class=\"elementor-image-box-title\">Makay Murray<\/h3><p class=\"elementor-image-box-description\">M.Sc candidate<br>Wetmore Lab\nDepartment of Chemistry and Biochemistry<br>\nUniversity of Lethbridge, AB, Canada.<\/p><\/div><\/div>\t\t\t\t<\/div>\n\t\t\t\t<\/div>\n\t\t\t\t<div class=\"elementor-element elementor-element-bc85996 elementor-shape-circle elementor-grid-0 e-grid-align-center elementor-widget elementor-widget-social-icons\" data-id=\"bc85996\" data-element_type=\"widget\" data-e-type=\"widget\" data-widget_type=\"social-icons.default\">\n\t\t\t\t<div class=\"elementor-widget-container\">\n\t\t\t\t\t\t\t<div class=\"elementor-social-icons-wrapper elementor-grid\">\n\t\t\t\t\t\t\t<span class=\"elementor-grid-item\">\n\t\t\t\t\t<a class=\"elementor-icon elementor-social-icon elementor-social-icon-linkedin elementor-repeater-item-15bc7dd\" target=\"_blank\">\n\t\t\t\t\t\t<span class=\"elementor-screen-only\">Linkedin<\/span>\n\t\t\t\t\t\t\t\t\t\t\t\t\t<i class=\"fa fa-linkedin\" aria-hidden=\"true\"><\/i>\n\t\t\t\t\t\t\t\t\t\t\t<\/a>\n\t\t\t\t<\/span>\n\t\t\t\t\t<\/div>\n\t\t\t\t\t\t<\/div>\n\t\t\t\t<\/div>\n\t\t\t\t\t<\/div>\n\t\t<\/div>\n\t\t\t\t\t<\/div>\n\t\t<\/section>\n\t\t\t\t<section class=\"elementor-section elementor-top-section elementor-element elementor-element-d99d1b3 elementor-section-boxed elementor-section-height-default elementor-section-height-default\" data-id=\"d99d1b3\" data-element_type=\"section\" data-e-type=\"section\">\n\t\t\t\t\t\t<div class=\"elementor-container elementor-column-gap-default\">\n\t\t\t\t\t<div class=\"elementor-column elementor-col-100 elementor-top-column elementor-element elementor-element-1e6f1fe\" data-id=\"1e6f1fe\" data-element_type=\"column\" data-e-type=\"column\">\n\t\t\t<div class=\"elementor-widget-wrap elementor-element-populated\">\n\t\t\t\t\t\t<div class=\"elementor-element elementor-element-e7c997c elementor-position-left elementor-vertical-align-top elementor-widget elementor-widget-image-box\" data-id=\"e7c997c\" data-element_type=\"widget\" data-e-type=\"widget\" data-widget_type=\"image-box.default\">\n\t\t\t\t<div class=\"elementor-widget-container\">\n\t\t\t\t\t<div class=\"elementor-image-box-wrapper\"><figure class=\"elementor-image-box-img\"><img loading=\"lazy\" decoding=\"async\" width=\"150\" height=\"150\" src=\"https:\/\/sites.ulethbridge.ca\/rnainnovation\/files\/2020\/03\/86273367_2791814364233440_4568307583177195520_o-150x150.jpg\" class=\"attachment-thumbnail size-thumbnail wp-image-591\" alt=\"\" srcset=\"https:\/\/sites.ulethbridge.ca\/rnainnovation\/files\/2020\/03\/86273367_2791814364233440_4568307583177195520_o-150x150.jpg 150w, https:\/\/sites.ulethbridge.ca\/rnainnovation\/files\/2020\/03\/86273367_2791814364233440_4568307583177195520_o-300x300.jpg 300w, https:\/\/sites.ulethbridge.ca\/rnainnovation\/files\/2020\/03\/86273367_2791814364233440_4568307583177195520_o-1020x1024.jpg 1020w, https:\/\/sites.ulethbridge.ca\/rnainnovation\/files\/2020\/03\/86273367_2791814364233440_4568307583177195520_o-768x771.jpg 768w, https:\/\/sites.ulethbridge.ca\/rnainnovation\/files\/2020\/03\/86273367_2791814364233440_4568307583177195520_o-1531x1536.jpg 1531w, https:\/\/sites.ulethbridge.ca\/rnainnovation\/files\/2020\/03\/86273367_2791814364233440_4568307583177195520_o.jpg 2008w\" sizes=\"(max-width: 150px) 100vw, 150px\" \/><\/figure><div class=\"elementor-image-box-content\"><h3 class=\"elementor-image-box-title\">Riya Roy<\/h3><p class=\"elementor-image-box-description\">M.Sc candidate<br>\nZovoilis Lab<br>\nDepartment of Chemistry and Biochemistry<br>\nUniversity of Lethbridge, AB, Canada.<\/p><\/div><\/div>\t\t\t\t<\/div>\n\t\t\t\t<\/div>\n\t\t\t\t<div class=\"elementor-element elementor-element-6e8cf03 elementor-shape-circle elementor-grid-0 e-grid-align-center elementor-widget elementor-widget-social-icons\" data-id=\"6e8cf03\" data-element_type=\"widget\" data-e-type=\"widget\" data-widget_type=\"social-icons.default\">\n\t\t\t\t<div class=\"elementor-widget-container\">\n\t\t\t\t\t\t\t<div class=\"elementor-social-icons-wrapper elementor-grid\">\n\t\t\t\t\t\t\t<span class=\"elementor-grid-item\">\n\t\t\t\t\t<a class=\"elementor-icon elementor-social-icon elementor-social-icon-linkedin elementor-repeater-item-c2e395f\" target=\"_blank\">\n\t\t\t\t\t\t<span class=\"elementor-screen-only\">Linkedin<\/span>\n\t\t\t\t\t\t\t\t\t\t\t\t\t<i class=\"fa fa-linkedin\" aria-hidden=\"true\"><\/i>\n\t\t\t\t\t\t\t\t\t\t\t<\/a>\n\t\t\t\t<\/span>\n\t\t\t\t\t<\/div>\n\t\t\t\t\t\t<\/div>\n\t\t\t\t<\/div>\n\t\t\t\t\t<\/div>\n\t\t<\/div>\n\t\t\t\t\t<\/div>\n\t\t<\/section>\n\t\t\t\t<section class=\"elementor-section elementor-top-section elementor-element elementor-element-cf5cded elementor-section-boxed elementor-section-height-default elementor-section-height-default\" data-id=\"cf5cded\" data-element_type=\"section\" data-e-type=\"section\">\n\t\t\t\t\t\t<div class=\"elementor-container elementor-column-gap-default\">\n\t\t\t\t\t<div class=\"elementor-column elementor-col-100 elementor-top-column elementor-element elementor-element-7e1697c\" data-id=\"7e1697c\" data-element_type=\"column\" data-e-type=\"column\">\n\t\t\t<div class=\"elementor-widget-wrap elementor-element-populated\">\n\t\t\t\t\t\t<div class=\"elementor-element elementor-element-37edce9 elementor-position-left elementor-vertical-align-top elementor-widget elementor-widget-image-box\" data-id=\"37edce9\" data-element_type=\"widget\" data-e-type=\"widget\" data-widget_type=\"image-box.default\">\n\t\t\t\t<div class=\"elementor-widget-container\">\n\t\t\t\t\t<div class=\"elementor-image-box-wrapper\"><figure class=\"elementor-image-box-img\"><img loading=\"lazy\" decoding=\"async\" width=\"150\" height=\"150\" src=\"https:\/\/sites.ulethbridge.ca\/rnainnovation\/files\/2020\/03\/Amanda-V-e1593468128315-150x150.jpg\" class=\"attachment-thumbnail size-thumbnail wp-image-586\" alt=\"\" srcset=\"https:\/\/sites.ulethbridge.ca\/rnainnovation\/files\/2020\/03\/Amanda-V-e1593468128315-150x150.jpg 150w, https:\/\/sites.ulethbridge.ca\/rnainnovation\/files\/2020\/03\/Amanda-V-e1593468128315-100x100.jpg 100w\" sizes=\"(max-width: 150px) 100vw, 150px\" \/><\/figure><div class=\"elementor-image-box-content\"><h3 class=\"elementor-image-box-title\">Amanda Vazquez<\/h3><p class=\"elementor-image-box-description\">Ph.D candidate<br>\nWieden Lab<br>\nDepartment of Chemistry and Biochemistry<br>\nUniversity of Lethbridge, AB, Canada.<\/p><\/div><\/div>\t\t\t\t<\/div>\n\t\t\t\t<\/div>\n\t\t\t\t<div class=\"elementor-element elementor-element-2484628 elementor-shape-circle elementor-grid-0 e-grid-align-center elementor-widget elementor-widget-social-icons\" data-id=\"2484628\" data-element_type=\"widget\" data-e-type=\"widget\" data-widget_type=\"social-icons.default\">\n\t\t\t\t<div class=\"elementor-widget-container\">\n\t\t\t\t\t\t\t<div class=\"elementor-social-icons-wrapper elementor-grid\">\n\t\t\t\t\t\t\t<span class=\"elementor-grid-item\">\n\t\t\t\t\t<a class=\"elementor-icon elementor-social-icon elementor-social-icon-linkedin elementor-repeater-item-a00c90c\" target=\"_blank\">\n\t\t\t\t\t\t<span class=\"elementor-screen-only\">Linkedin<\/span>\n\t\t\t\t\t\t\t\t\t\t\t\t\t<i class=\"fa fa-linkedin\" aria-hidden=\"true\"><\/i>\n\t\t\t\t\t\t\t\t\t\t\t<\/a>\n\t\t\t\t<\/span>\n\t\t\t\t\t<\/div>\n\t\t\t\t\t\t<\/div>\n\t\t\t\t<\/div>\n\t\t\t\t\t<\/div>\n\t\t<\/div>\n\t\t\t\t\t<\/div>\n\t\t<\/section>\n\t\t\t\t<section class=\"elementor-section elementor-top-section elementor-element elementor-element-19bdca0 elementor-section-boxed elementor-section-height-default elementor-section-height-default\" data-id=\"19bdca0\" data-element_type=\"section\" data-e-type=\"section\">\n\t\t\t\t\t\t<div class=\"elementor-container elementor-column-gap-default\">\n\t\t\t\t\t<div class=\"elementor-column elementor-col-100 elementor-top-column elementor-element elementor-element-0da0543\" data-id=\"0da0543\" data-element_type=\"column\" data-e-type=\"column\">\n\t\t\t<div class=\"elementor-widget-wrap elementor-element-populated\">\n\t\t\t\t\t\t<div class=\"elementor-element elementor-element-bd14b59 elementor-position-left elementor-vertical-align-top elementor-widget elementor-widget-image-box\" data-id=\"bd14b59\" data-element_type=\"widget\" data-e-type=\"widget\" data-widget_type=\"image-box.default\">\n\t\t\t\t<div class=\"elementor-widget-container\">\n\t\t\t\t\t<div class=\"elementor-image-box-wrapper\"><figure class=\"elementor-image-box-img\"><img loading=\"lazy\" decoding=\"async\" width=\"150\" height=\"150\" src=\"https:\/\/sites.ulethbridge.ca\/rnainnovation\/files\/2020\/03\/Damian-La-Rosa-Montes-1-scaled-e1593467191613-150x150.jpg\" class=\"attachment-thumbnail size-thumbnail wp-image-592\" alt=\"\" srcset=\"https:\/\/sites.ulethbridge.ca\/rnainnovation\/files\/2020\/03\/Damian-La-Rosa-Montes-1-scaled-e1593467191613-150x150.jpg 150w, https:\/\/sites.ulethbridge.ca\/rnainnovation\/files\/2020\/03\/Damian-La-Rosa-Montes-1-scaled-e1593467191613-100x100.jpg 100w\" sizes=\"(max-width: 150px) 100vw, 150px\" \/><\/figure><div class=\"elementor-image-box-content\"><h3 class=\"elementor-image-box-title\">Damian La Rosa Montes<\/h3><p class=\"elementor-image-box-description\">M.Sc candidate<br>Kothe Lab<br>Department of Chemistry and Biochemistry<br>University of Lethbridge, AB, Canada.<\/p><\/div><\/div>\t\t\t\t<\/div>\n\t\t\t\t<\/div>\n\t\t\t\t<div class=\"elementor-element elementor-element-6873171 elementor-shape-circle elementor-grid-0 e-grid-align-center elementor-widget elementor-widget-social-icons\" data-id=\"6873171\" data-element_type=\"widget\" data-e-type=\"widget\" data-widget_type=\"social-icons.default\">\n\t\t\t\t<div class=\"elementor-widget-container\">\n\t\t\t\t\t\t\t<div class=\"elementor-social-icons-wrapper elementor-grid\">\n\t\t\t\t\t\t\t<span class=\"elementor-grid-item\">\n\t\t\t\t\t<a class=\"elementor-icon elementor-social-icon elementor-social-icon-linkedin elementor-repeater-item-a325ae3\" target=\"_blank\">\n\t\t\t\t\t\t<span class=\"elementor-screen-only\">Linkedin<\/span>\n\t\t\t\t\t\t\t\t\t\t\t\t\t<i class=\"fa fa-linkedin\" aria-hidden=\"true\"><\/i>\n\t\t\t\t\t\t\t\t\t\t\t<\/a>\n\t\t\t\t<\/span>\n\t\t\t\t\t<\/div>\n\t\t\t\t\t\t<\/div>\n\t\t\t\t<\/div>\n\t\t\t\t\t<\/div>\n\t\t<\/div>\n\t\t\t\t\t<\/div>\n\t\t<\/section>\n\t\t\t\t<\/div>\n\t\t","protected":false},"excerpt":{"rendered":"<p>Tithi Ghosh Ph.D candidate Lafontaine Lab Department of Biology Universit\u00e9 de Sherbrooke, Quebec, Canada. Linkedin Gaspard Reulet M.Sc candidate Scott Lab Department of Biochemistry Universit\u00e9 de Sherbrooke, Quebec, Canada. Linkedin Hoang Dong Nguyen Ph.D candidate Scott Lab Department of Biochemistry Universit\u00e9 de Sherbrooke, Quebec, Canada. Linkedin Morgane Da Rocha Ph.D candidate Bell Lab Department of &hellip; <\/p>\n<p class=\"link-more\"><a href=\"https:\/\/sites.ulethbridge.ca\/rnainnovation\/cohort-2\/\" class=\"more-link\">Continue reading<span class=\"screen-reader-text\"> &#8220;Cohort 2&#8221;<\/span><\/a><\/p>\n","protected":false},"author":395,"featured_media":0,"parent":0,"menu_order":0,"comment_status":"closed","ping_status":"closed","template":"elementor_header_footer","meta":{"footnotes":"","_links_to":"","_links_to_target":""},"class_list":["post-1049","page","type-page","status-publish","hentry"],"_links":{"self":[{"href":"https:\/\/sites.ulethbridge.ca\/rnainnovation\/wp-json\/wp\/v2\/pages\/1049","targetHints":{"allow":["GET"]}}],"collection":[{"href":"https:\/\/sites.ulethbridge.ca\/rnainnovation\/wp-json\/wp\/v2\/pages"}],"about":[{"href":"https:\/\/sites.ulethbridge.ca\/rnainnovation\/wp-json\/wp\/v2\/types\/page"}],"author":[{"embeddable":true,"href":"https:\/\/sites.ulethbridge.ca\/rnainnovation\/wp-json\/wp\/v2\/users\/395"}],"replies":[{"embeddable":true,"href":"https:\/\/sites.ulethbridge.ca\/rnainnovation\/wp-json\/wp\/v2\/comments?post=1049"}],"version-history":[{"count":48,"href":"https:\/\/sites.ulethbridge.ca\/rnainnovation\/wp-json\/wp\/v2\/pages\/1049\/revisions"}],"predecessor-version":[{"id":1933,"href":"https:\/\/sites.ulethbridge.ca\/rnainnovation\/wp-json\/wp\/v2\/pages\/1049\/revisions\/1933"}],"wp:attachment":[{"href":"https:\/\/sites.ulethbridge.ca\/rnainnovation\/wp-json\/wp\/v2\/media?parent=1049"}],"curies":[{"name":"wp","href":"https:\/\/api.w.org\/{rel}","templated":true}]}}