{"id":8,"date":"2011-04-19T17:03:13","date_gmt":"2011-04-19T17:03:13","guid":{"rendered":"http:\/\/sites.ulethbridge.ca\/surquhart\/?page_id=8"},"modified":"2026-01-21T14:18:19","modified_gmt":"2026-01-21T21:18:19","slug":"curriculum-vitae","status":"publish","type":"page","link":"https:\/\/sites.ulethbridge.ca\/surquhart\/curriculum-vitae\/","title":{"rendered":"Teaching"},"content":{"rendered":"<p style=\"text-align: center\"><strong><span style=\"text-decoration: underline\">TEACHING EXPERIENCE<\/span><\/strong><\/p>\n<p><strong><span style=\"text-decoration: underline\">University<\/span><\/strong><strong><span style=\"text-decoration: underline\"> of Lethbridge, Lethbridge, Alberta : 2006 to present<\/span><\/strong><\/p>\n<ul>\n<li>Fr 1000 (Beginner\u2019s French) \/ Fr 1100 (Beginner\u2019s French II)<\/li>\n<li>Fr 1500 (Intermediate French I) \/\u00a0 Fr 2000 (Intermediate French II)<\/li>\n<li>Fr 2200 (Culture and Civilization &#8211; France)<\/li>\n<li>Fr 2300 (Introduction to French literature since 1789)<\/li>\n<li>Fr 3100 (Introduction to French literature until the French Revolution)<\/li>\n<li>Fr 3200 (Culture and Civilization &#8211; Quebec)<\/li>\n<li>Fr 3500\/3600 &#8211; A Survey of Quebecois Literature<\/li>\n<li>Fr 3600 Monstrous Manifestations in Quebec Literature<\/li>\n<li>Fr \/Cin\u00e9 3850\u00a0 Quebec National Cinema<\/li>\n<li>Fr 4001 Advanced French Grammar<\/li>\n<li>Fr 4600 A Survey of Quebecois Theatre<\/li>\n<li>Fr 4600 Quebec Classics II (1950-to present)<\/li>\n<li>Fr 4600 North African French Literature &#8211; Classics I<\/li>\n<\/ul>\n<p><strong>Independent Studies<\/strong><\/p>\n<ul>\n<li>Fr 3990 \u2013 Le bouc \u00e9missaire et le survenant dans la litt\u00e9rature qu\u00e9b\u00e9coise moderne<\/li>\n<li>Fr 3990 \u2013 L\u2019\u0153uvre de Ga\u00e9tan Brulotte<\/li>\n<li>Fr 4990 \u2013 Le th\u00e9\u00e2tre qu\u00e9b\u00e9cois moderne<\/li>\n<li>Fr 3990 \u2013 Modern French Canadian Women writers<\/li>\n<li>Fr 3990 &#8211; Les films de Denis C\u00f4t\u00e9<\/li>\n<\/ul>\n","protected":false},"excerpt":{"rendered":"<p>TEACHING EXPERIENCE University of Lethbridge, Lethbridge, Alberta : 2006 to present Fr 1000 (Beginner\u2019s French) \/ Fr 1100 (Beginner\u2019s French II) Fr 1500 (Intermediate French I) \/\u00a0 Fr 2000 (Intermediate French II) Fr 2200 (Culture and Civilization &#8211; France) Fr 2300 (Introduction to French literature since 1789) Fr 3100 (Introduction to French literature until the &hellip; <a href=\"https:\/\/sites.ulethbridge.ca\/surquhart\/curriculum-vitae\/\" class=\"more-link\">Continue reading <span class=\"screen-reader-text\">Teaching<\/span> <span class=\"meta-nav\">&rarr;<\/span><\/a><\/p>\n","protected":false},"author":30,"featured_media":0,"parent":0,"menu_order":0,"comment_status":"closed","ping_status":"closed","template":"","meta":{"footnotes":"","_links_to":"","_links_to_target":""},"class_list":["post-8","page","type-page","status-publish","hentry"],"_links":{"self":[{"href":"https:\/\/sites.ulethbridge.ca\/surquhart\/wp-json\/wp\/v2\/pages\/8","targetHints":{"allow":["GET"]}}],"collection":[{"href":"https:\/\/sites.ulethbridge.ca\/surquhart\/wp-json\/wp\/v2\/pages"}],"about":[{"href":"https:\/\/sites.ulethbridge.ca\/surquhart\/wp-json\/wp\/v2\/types\/page"}],"author":[{"embeddable":true,"href":"https:\/\/sites.ulethbridge.ca\/surquhart\/wp-json\/wp\/v2\/users\/30"}],"replies":[{"embeddable":true,"href":"https:\/\/sites.ulethbridge.ca\/surquhart\/wp-json\/wp\/v2\/comments?post=8"}],"version-history":[{"count":10,"href":"https:\/\/sites.ulethbridge.ca\/surquhart\/wp-json\/wp\/v2\/pages\/8\/revisions"}],"predecessor-version":[{"id":403,"href":"https:\/\/sites.ulethbridge.ca\/surquhart\/wp-json\/wp\/v2\/pages\/8\/revisions\/403"}],"wp:attachment":[{"href":"https:\/\/sites.ulethbridge.ca\/surquhart\/wp-json\/wp\/v2\/media?parent=8"}],"curies":[{"name":"wp","href":"https:\/\/api.w.org\/{rel}","templated":true}]}}