{"id":84,"date":"2011-12-20T16:01:08","date_gmt":"2011-12-20T16:01:08","guid":{"rendered":"http:\/\/sites.ulethbridge.ca\/surquhart\/?page_id=84"},"modified":"2026-01-21T14:18:19","modified_gmt":"2026-01-21T21:18:19","slug":"ressources","status":"publish","type":"page","link":"https:\/\/sites.ulethbridge.ca\/surquhart\/ressources\/","title":{"rendered":"Ressources"},"content":{"rendered":"<h2><strong>Journals\/Revues\/Soci\u00e9t\u00e9s savantes<\/strong><\/h2>\n<p><a href=\"http:\/\/www.er.uqam.ca\/nobel\/vimages\/index.php\">Voix et Images<\/a><\/p>\n<p><a href=\"http:\/\/www.revueglobe.uqam.ca\/\">Globe : revue internationale d\u2019\u00e9tudes qu\u00e9b\u00e9coises<\/a><br \/>\n<a href=\"http:\/\/www.aieq.qc.ca\/index.html\">Association internationale des etudes qu\u00e9b\u00e9coises<\/a><\/p>\n<p><a href=\"http:\/\/www.acqs.org\/\">ACQS American Council for Quebec Studies<\/a><\/p>\n<p><a href=\"http:\/\/www.apfucc.net\/\">APFUCC L\u2019Association des professeurs des universit\u00e9s et des colleges canadiens<\/a><\/p>\n<p><a href=\"http:\/\/www.crilcq.org\/\">CRILCQ\u00a0 Centre de recherche interuniversitaire sur la litt\u00e9rature et la culture qu\u00e9b\u00e9coises<\/a><\/p>\n<h2><strong>Bookstores\/ Librairies<\/strong><\/h2>\n<p><a href=\"http:\/\/www.librairiemonette.com\/\">Librairie Monette (librairie fran\u00e7aise \u00e0 Calgary)<\/a><\/p>\n<p><a href=\"http:\/\/www.librairiepantoute.com\/\">Librairie Pantoute<\/a><\/p>\n<p><a href=\"http:\/\/www.renaud-bray.com\/francais\/menu\/gabarit.asp?Page=accueil_gp_wsc.asp&#038;Vitrine=false&#038;Section=Accueil\">Librairie Renaud-Bray<\/a><\/p>\n<p><a href=\"http:\/\/www.archambault.ca\/\">Librairie Archambault <\/a><\/p>\n<h2><strong>Litt\u00e9rature<\/strong><\/h2>\n<p><a href=\"http:\/\/www.lelibraire.org\/parcourir.asp?cat=10\">Le Libraire: portail au livre qu\u00e9b\u00e9cois<\/a><\/p>\n<p><a href=\"http:\/\/clicnet.swarthmore.edu\/litterature\/litterature.quebecoise\/andres.sommaire.html\">La Litt\u00e9rature qu\u00e9b\u00e9coise en 600 titres de Bernard Andr\u00e8s<\/a><\/p>\n<p><a href=\"http:\/\/www.litterature.org\/\">L\u2019Ile : Centre de documentation virtuel sur les \u00e9crivains et la literature qu\u00e9b\u00e9cois<\/a><\/p>\n<p><a href=\"http:\/\/www.banq.qc.ca\/portal\/dt\/accueil.jsp\">Biblioth\u00e8que et Archives nationales du Qu\u00e9bec<\/a><\/p>\n<p><a href=\"http:\/\/www.chez.com\/vilham\/\">Litt\u00e9rature qu\u00e9b\u00e9coise<\/a><\/p>\n<p><a href=\"http:\/\/felix.cyberscol.qc.ca\/LQ\/accueil.html\">Litt\u00e9rature qu\u00e9b\u00e9coise Cyberscolaire<\/a><\/p>\n<p><a href=\"http:\/\/www.ratsdebiblio.net\/\">Litt\u00e9rature qu\u00e9b\u00e9coise :Rats de biblioth\u00e8que <\/a><\/p>\n<p><a href=\"http:\/\/en.wikipedia.org\/wiki\/Literature_of_Quebec\">Quebec Literature at Wikipedia<\/a><\/p>\n<p><a href=\"http:\/\/www.republiquelibre.org\/cousture\/PAPINO.HTM\">Louis-Joseph Papineau<\/a><\/p>\n<p><a href=\"http:\/\/www.republiquelibre.org\/cousture\/PATRI.HTM\">La Rebellion des Patriotes 1837-1838<\/a><\/p>\n<p><a href=\"http:\/\/www.republiquelibre.org\/cousture\/LORIM.HTM\">Le Testament de Chevalier de Lorimier<\/a><\/p>\n<p><a href=\"http:\/\/www.republiquelibre.org\/cousture\/NELSON.HTM\">D\u00e9claration d\u2019ind\u00e9pendance du Bas-Canada 1837<\/a><\/p>\n<p><a href=\"http:\/\/www.republiquelibre.org\/cousture\/MARTYRS.HTM\">Les Martyrs de la Nouvelle-France<\/a><\/p>\n<p><a href=\"http:\/\/www.republiquelibre.org\/cousture\/index.htm\">Histoire du Qu\u00e9bec et de l\u2019Am\u00e9rique fran\u00e7aise <\/a><\/p>\n<p><a href=\"http:\/\/en.wikipedia.org\/wiki\/Ren%C3%A9_L%C3%A9vesque\">Ren\u00e9 Levesque (by Wikipedia) <\/a><\/p>\n<p><a href=\"http:\/\/home.infionline.net\/%7Eddisse\/incarnat.html\">Marie de l\u2019Incarnation (en anglais)<\/a><\/p>\n<p><a href=\"http:\/\/www.culture.gouv.fr\/culture\/nllefce\/fr\/index.htm\">La Nouvelle France : Ressources fran\u00e7aises<\/a><\/p>\n<p><a href=\"http:\/\/www.bdquebec.qc.ca\/\">La BD au Qu\u00e9bec<\/a><\/p>\n<p><a href=\"http:\/\/www.republiquelibre.org\/cousture\/bd\/QCBD.HTM\">http:\/\/www.republiquelibre.org\/cousture\/bd\/QCBD.HTM<\/a><\/p>\n<h2><strong>Quebec Cin\u00e9ma qu\u00e9b\u00e9cois<\/strong><\/h2>\n<p><a href=\"http:\/\/www.cinemamontreal.com\/fr\">Cin\u00e9ma Montr\u00e9al<\/a><\/p>\n<h2><strong>Newspapers online \/ Journaux en ligne<\/strong><\/h2>\n<p><a href=\"http:\/\/www.cyberpresse.ca\/\">La Presse\/ Le Soleil \/ Le Droit<\/a><\/p>\n<h2><strong>Quebec Radio qu\u00e9bec<\/strong><\/h2>\n<p><a href=\"http:\/\/www.radio-canada.ca\/\">Radio Canada <\/a><\/p>\n<p><a href=\"http:\/\/www.sit.ulaval.ca\/pp\/rva\/presteleconf\/radioQc.html\">Postes de radio du Qu\u00e9bec <\/a><\/p>\n<p><a href=\"http:\/\/www.sshrc-crsh.gc.ca\/\">SSHRC<\/a><\/p>\n<p><a href=\"http:\/\/fedcan.ca\/english\/aspp\/about\/\">Canadian Federation for the Humanities and the Social Sciences <\/a><\/p>\n<h2><strong>Quebec Art qu\u00e9b\u00e9cois<\/strong><\/h2>\n<p><a href=\"http:\/\/www.mnba.qc.ca\/Afficher.aspx?langue=fr\">Mus\u00e9e national des Beaux-Arts du Qu\u00e9bec<\/a><\/p>\n<p><a href=\"http:\/\/www.lespeintresquebecois.com\/\">Peintres qu\u00e9b\u00e9cois<\/a><\/p>\n<h2><strong>Quebec musique qu\u00e9b\u00e9coise<\/strong><\/h2>\n<p><a href=\"http:\/\/www.chansonduquebec.com\/\">La Chanson du Qu\u00e9bec<\/a><\/p>\n<p><a href=\"http:\/\/www.boiteachansons.net\/\">La bo\u00eete \u00e0 chanson<\/a><\/p>\n<h2><strong>Quebec language \/ Langue au Qu\u00e9bec<\/strong><\/h2>\n<p><a href=\"http:\/\/www.olf.gouv.qc.ca\/\">Office de la langue francaise<\/a><\/p>\n<p><a href=\"http:\/\/www.lexilogos.com\/quebecois_langue_dictionnaires.htm\">Dictionnaires qu\u00e9b\u00e9cois par Lexilogos <\/a><\/p>\n<p><a href=\"http:\/\/fr.wikipedia.org\/wiki\/Joual\">Histoire du Joual par Wikipedia<\/a><\/p>\n<h2><strong>Gouvernement<\/strong><\/h2>\n<p><a href=\"http:\/\/www.mri.gouv.qc.ca\/\">Relations internationales Qu\u00e9bec<\/a><\/p>\n<p><a href=\"http:\/\/people.uleth.ca\/%7Esteven.urquhart\/:%20http:\/\/www.pq.org\/nv\/\">Parti qu\u00e9b\u00e9cois<\/a><\/p>\n<p><strong>TOURISME<br \/>\n<\/strong><\/p>\n<p><a href=\"http:\/\/www.atlasduquebec.qc.ca\/\">Atlas du Qu\u00e9bec et de ses r\u00e9gions<\/a><\/p>\n<p><a href=\"http:\/\/panorama-quebec.com\/cgi-ole\/cs.waframe.singlepageindex\">Panorama sur le Qu\u00e9bec<\/a><\/p>\n<p><a href=\"http:\/\/www.bonjourquebec.com\/\">Tourisme au Qu\u00e9bec<\/a><\/p>\n<p><a href=\"http:\/\/www.tourisme-montreal.org\/B2C\/00\/default.asp\">Tourisme Montr\u00e9al<\/a><\/p>\n<h2><strong>Culture g\u00e9n\u00e9rale<\/strong><\/h2>\n<p><a href=\"http:\/\/www.jucep.com\/inventeur\/francais\/\">Histoire de la Poutine<\/a><\/p>\n<p><a href=\"http:\/\/people.uleth.ca\/%7Esteven.urquhart\/www.cirquedusoliel.com\">Cirque du Soleil<\/a><\/p>\n<p><a href=\"http:\/\/www.juste-pour-rire.fr\/index.php4\">Juste pour rire <\/a><\/p>\n<p><a href=\"http:\/\/www.fairmont.com\/frontenac\/\">http:\/\/www.fairmont.com\/frontenac\/<\/a><\/p>\n<p><a href=\"http:\/\/www.gaspesie.com\/\">La Gasp\u00e9sie<\/a><\/p>\n<h2><strong>Other Links<\/strong><\/h2>\n<p><a href=\"http:\/\/fr.wikipedia.org\/wiki\/Lyon\">Lyon<\/a><\/p>\n<p><a href=\"http:\/\/www.queensu.ca\/\">Queen\u2019s University<\/a><\/p>\n<p><a href=\"http:\/\/fr.wikipedia.org\/wiki\/G%C3%A9rard_Bessette\">G\u00e9rard Bessette<\/a><\/p>\n<p><a href=\"http:\/\/www.psu.edu\/\">Penn State<\/a><\/p>\n<p><a href=\"http:\/\/www.univ-nantes.fr\/\">Universit\u00e9 de Nantes<\/a><em> <\/em><\/p>\n<p><a href=\"http:\/\/www.univ-lyon2.fr\/\">Universit\u00e9\u00a0Lumi\u00e8re Lyon II<\/a><\/p>\n<p><a href=\"http:\/\/www.cityofkingston.ca\/\">Kingston<\/a><\/p>\n<p><a href=\"http:\/\/louisferdinandceline.free.fr\/\">L.F. C\u00e9line<\/a><\/p>\n<p><a href=\"http:\/\/www.nantes.fr\/julesverne\/acc_1.htm\">Jules Verne<\/a><\/p>\n<p><a href=\"http:\/\/en.wikipedia.org\/wiki\/Jacques_Derrida\">Jacques Derrida<\/a><\/p>\n<p><a href=\"http:\/\/www.groupofsevenart.com\/gallery_main.html\">Group of Seven <\/a><\/p>\n<p><a href=\"http:\/\/en.wikipedia.org\/wiki\/Auld_Alliance\">Auld Alliance<\/a><\/p>\n<p><a href=\"http:\/\/www.aboutscotland.com\/ness\/urquhart.html\">Urquhart Castle<\/a><\/p>\n<p><a href=\"http:\/\/www.nessie.co.uk\/\">Loch Ness<\/a><\/p>\n","protected":false},"excerpt":{"rendered":"<p>Journals\/Revues\/Soci\u00e9t\u00e9s savantes Voix et Images Globe : revue internationale d\u2019\u00e9tudes qu\u00e9b\u00e9coises Association internationale des etudes qu\u00e9b\u00e9coises ACQS American Council for Quebec Studies APFUCC L\u2019Association des professeurs des universit\u00e9s et des colleges canadiens CRILCQ\u00a0 Centre de recherche interuniversitaire sur la litt\u00e9rature et la culture qu\u00e9b\u00e9coises Bookstores\/ Librairies Librairie Monette (librairie fran\u00e7aise \u00e0 Calgary) Librairie Pantoute Librairie &hellip; <a href=\"https:\/\/sites.ulethbridge.ca\/surquhart\/ressources\/\" class=\"more-link\">Continue reading <span class=\"screen-reader-text\">Ressources<\/span> <span class=\"meta-nav\">&rarr;<\/span><\/a><\/p>\n","protected":false},"author":30,"featured_media":0,"parent":0,"menu_order":0,"comment_status":"closed","ping_status":"closed","template":"","meta":{"footnotes":"","_links_to":"","_links_to_target":""},"class_list":["post-84","page","type-page","status-publish","hentry"],"_links":{"self":[{"href":"https:\/\/sites.ulethbridge.ca\/surquhart\/wp-json\/wp\/v2\/pages\/84","targetHints":{"allow":["GET"]}}],"collection":[{"href":"https:\/\/sites.ulethbridge.ca\/surquhart\/wp-json\/wp\/v2\/pages"}],"about":[{"href":"https:\/\/sites.ulethbridge.ca\/surquhart\/wp-json\/wp\/v2\/types\/page"}],"author":[{"embeddable":true,"href":"https:\/\/sites.ulethbridge.ca\/surquhart\/wp-json\/wp\/v2\/users\/30"}],"replies":[{"embeddable":true,"href":"https:\/\/sites.ulethbridge.ca\/surquhart\/wp-json\/wp\/v2\/comments?post=84"}],"version-history":[{"count":3,"href":"https:\/\/sites.ulethbridge.ca\/surquhart\/wp-json\/wp\/v2\/pages\/84\/revisions"}],"predecessor-version":[{"id":402,"href":"https:\/\/sites.ulethbridge.ca\/surquhart\/wp-json\/wp\/v2\/pages\/84\/revisions\/402"}],"wp:attachment":[{"href":"https:\/\/sites.ulethbridge.ca\/surquhart\/wp-json\/wp\/v2\/media?parent=84"}],"curies":[{"name":"wp","href":"https:\/\/api.w.org\/{rel}","templated":true}]}}